{"id":3,"date":"2020-12-09T10:01:44","date_gmt":"2020-12-09T15:01:44","guid":{"rendered":"https:\/\/nutchos.com\/?page_id=3"},"modified":"2024-07-08T15:20:23","modified_gmt":"2024-07-08T19:20:23","slug":"privacy-policy","status":"publish","type":"page","link":"https:\/\/nutchos.com\/ca\/privacy-policy\/","title":{"rendered":"Politique de confidentialit\u00e9"},"content":{"rendered":"<h2>L\u2019engagement de Nutchos envers votre vie priv\u00e9e<\/h2>\n<p>Votre vie priv\u00e9e est importante pour nous. Pour mieux prot\u00e9ger votre vie priv\u00e9e, l\u2019avis suivant vous informe sur les renseignements que nous collectons, sur la mani\u00e8re dont ils sont utilis\u00e9s et prot\u00e9g\u00e9s et sur les moyens de nous contacter si vous avez des questions.<\/p>\n<h3>Quels sont les renseignements recueillis?<\/h3>\n<p>As part of the order process, the following information is collected from shoppers, including name, shipping\/billing address, email address, phone number, and credit\/debit card information.<br \/>\nHow That Information Is Used<\/p>\n<p>Vos renseignements personnels ne seront pas partag\u00e9s et ne seront utilis\u00e9s que dans le cadre de l\u2019ex\u00e9cution de votre commande.<\/p>\n<p>Contactez-nous \u00e0 l\u2019adresse suivante : <a href=\"mailto:sales@texasnut.com\">sales@texasnut.com<\/a> \/ Appelez sans frais : 1-866-455-8300<\/p>\n<h3>reCAPTCHA<\/h3>\n<p>This site is protected by reCAPTCHA and the Google <a href=\"https:\/\/policies.google.com\/privacy\" target=\"_blank\" rel=\"noopener\">Politique de confidentialit\u00e9<\/a> and <a href=\"https:\/\/policies.google.com\/terms\" target=\"_blank\" rel=\"noopener\">Terms of Service<\/a> apply.<\/p>","protected":false},"excerpt":{"rendered":"<p>The Nutchos Commitment to Your Privacy Your privacy is important to us. To better protect your privacy the following notice explains the information we collect, how it is used, how it is safeguarded, and how to contact us if you have any concerns. What Information Is Collected As part of the order process, the following [&hellip;]<\/p>","protected":false},"author":1,"featured_media":0,"parent":0,"menu_order":0,"comment_status":"closed","ping_status":"closed","template":"","meta":{"_acf_changed":false,"inline_featured_image":false,"footnotes":""},"class_list":["post-3","page","type-page","status-publish","hentry"],"acf":[],"yoast_head":"<!-- This site is optimized with the Yoast SEO plugin v27.3 - https:\/\/yoast.com\/product\/yoast-seo-wordpress\/ -->\n<title>Privacy Policy - Nutchos<\/title>\n<meta name=\"robots\" content=\"index, follow, max-snippet:-1, max-image-preview:large, max-video-preview:-1\" \/>\n<link rel=\"canonical\" href=\"https:\/\/nutchos.com\/ca\/privacy-policy\/\" \/>\n<meta property=\"og:locale\" content=\"fr_CA\" \/>\n<meta property=\"og:type\" content=\"article\" \/>\n<meta property=\"og:title\" content=\"Privacy Policy - Nutchos\" \/>\n<meta property=\"og:description\" content=\"The Nutchos Commitment to Your Privacy Your privacy is important to us. To better protect your privacy the following notice explains the information we collect, how it is used, how it is safeguarded, and how to contact us if you have any concerns. What Information Is Collected As part of the order process, the following [&hellip;]\" \/>\n<meta property=\"og:url\" content=\"https:\/\/nutchos.com\/ca\/privacy-policy\/\" \/>\n<meta property=\"og:site_name\" content=\"Nutchos\" \/>\n<meta property=\"article:modified_time\" content=\"2024-07-08T19:20:23+00:00\" \/>\n<meta name=\"twitter:card\" content=\"summary_large_image\" \/>\n<meta name=\"twitter:label1\" content=\"Estimation du temps de lecture\" \/>\n\t<meta name=\"twitter:data1\" content=\"1 minute\" \/>\n<script type=\"application\/ld+json\" class=\"yoast-schema-graph\">{\"@context\":\"https:\\\/\\\/schema.org\",\"@graph\":[{\"@type\":\"WebPage\",\"@id\":\"https:\\\/\\\/nutchos.com\\\/privacy-policy\\\/\",\"url\":\"https:\\\/\\\/nutchos.com\\\/privacy-policy\\\/\",\"name\":\"Privacy Policy - Nutchos\",\"isPartOf\":{\"@id\":\"https:\\\/\\\/nutchos.com\\\/#website\"},\"datePublished\":\"2020-12-09T15:01:44+00:00\",\"dateModified\":\"2024-07-08T19:20:23+00:00\",\"breadcrumb\":{\"@id\":\"https:\\\/\\\/nutchos.com\\\/privacy-policy\\\/#breadcrumb\"},\"inLanguage\":\"fr-CA\",\"potentialAction\":[{\"@type\":\"ReadAction\",\"target\":[\"https:\\\/\\\/nutchos.com\\\/privacy-policy\\\/\"]}]},{\"@type\":\"BreadcrumbList\",\"@id\":\"https:\\\/\\\/nutchos.com\\\/privacy-policy\\\/#breadcrumb\",\"itemListElement\":[{\"@type\":\"ListItem\",\"position\":1,\"name\":\"Home\",\"item\":\"https:\\\/\\\/nutchos.com\\\/\"},{\"@type\":\"ListItem\",\"position\":2,\"name\":\"Privacy Policy\"}]},{\"@type\":\"WebSite\",\"@id\":\"https:\\\/\\\/nutchos.com\\\/#website\",\"url\":\"https:\\\/\\\/nutchos.com\\\/\",\"name\":\"Nutchos\",\"description\":\"Real Almond Chips\",\"potentialAction\":[{\"@type\":\"SearchAction\",\"target\":{\"@type\":\"EntryPoint\",\"urlTemplate\":\"https:\\\/\\\/nutchos.com\\\/?s={search_term_string}\"},\"query-input\":{\"@type\":\"PropertyValueSpecification\",\"valueRequired\":true,\"valueName\":\"search_term_string\"}}],\"inLanguage\":\"fr-CA\"}]}<\/script>\n<!-- \/ Yoast SEO plugin. -->","yoast_head_json":{"title":"Privacy Policy - Nutchos","robots":{"index":"index","follow":"follow","max-snippet":"max-snippet:-1","max-image-preview":"max-image-preview:large","max-video-preview":"max-video-preview:-1"},"canonical":"https:\/\/nutchos.com\/ca\/privacy-policy\/","og_locale":"fr_CA","og_type":"article","og_title":"Privacy Policy - Nutchos","og_description":"The Nutchos Commitment to Your Privacy Your privacy is important to us. To better protect your privacy the following notice explains the information we collect, how it is used, how it is safeguarded, and how to contact us if you have any concerns. What Information Is Collected As part of the order process, the following [&hellip;]","og_url":"https:\/\/nutchos.com\/ca\/privacy-policy\/","og_site_name":"Nutchos","article_modified_time":"2024-07-08T19:20:23+00:00","twitter_card":"summary_large_image","twitter_misc":{"Estimation du temps de lecture":"1 minute"},"schema":{"@context":"https:\/\/schema.org","@graph":[{"@type":"WebPage","@id":"https:\/\/nutchos.com\/privacy-policy\/","url":"https:\/\/nutchos.com\/privacy-policy\/","name":"Privacy Policy - Nutchos","isPartOf":{"@id":"https:\/\/nutchos.com\/#website"},"datePublished":"2020-12-09T15:01:44+00:00","dateModified":"2024-07-08T19:20:23+00:00","breadcrumb":{"@id":"https:\/\/nutchos.com\/privacy-policy\/#breadcrumb"},"inLanguage":"fr-CA","potentialAction":[{"@type":"ReadAction","target":["https:\/\/nutchos.com\/privacy-policy\/"]}]},{"@type":"BreadcrumbList","@id":"https:\/\/nutchos.com\/privacy-policy\/#breadcrumb","itemListElement":[{"@type":"ListItem","position":1,"name":"Home","item":"https:\/\/nutchos.com\/"},{"@type":"ListItem","position":2,"name":"Privacy Policy"}]},{"@type":"WebSite","@id":"https:\/\/nutchos.com\/#website","url":"https:\/\/nutchos.com\/","name":"Nutchos","description":"Real Almond Chips","potentialAction":[{"@type":"SearchAction","target":{"@type":"EntryPoint","urlTemplate":"https:\/\/nutchos.com\/?s={search_term_string}"},"query-input":{"@type":"PropertyValueSpecification","valueRequired":true,"valueName":"search_term_string"}}],"inLanguage":"fr-CA"}]}},"_links":{"self":[{"href":"https:\/\/nutchos.com\/ca\/wp-json\/wp\/v2\/pages\/3","targetHints":{"allow":["GET"]}}],"collection":[{"href":"https:\/\/nutchos.com\/ca\/wp-json\/wp\/v2\/pages"}],"about":[{"href":"https:\/\/nutchos.com\/ca\/wp-json\/wp\/v2\/types\/page"}],"author":[{"embeddable":true,"href":"https:\/\/nutchos.com\/ca\/wp-json\/wp\/v2\/users\/1"}],"replies":[{"embeddable":true,"href":"https:\/\/nutchos.com\/ca\/wp-json\/wp\/v2\/comments?post=3"}],"version-history":[{"count":4,"href":"https:\/\/nutchos.com\/ca\/wp-json\/wp\/v2\/pages\/3\/revisions"}],"predecessor-version":[{"id":10866,"href":"https:\/\/nutchos.com\/ca\/wp-json\/wp\/v2\/pages\/3\/revisions\/10866"}],"wp:attachment":[{"href":"https:\/\/nutchos.com\/ca\/wp-json\/wp\/v2\/media?parent=3"}],"curies":[{"name":"wp","href":"https:\/\/api.w.org\/{rel}","templated":true}]}}